{"id":3,"date":"2026-03-28T23:04:08","date_gmt":"2026-03-28T20:04:08","guid":{"rendered":"http:\/\/localhost\/wordpress\/?page_id=3"},"modified":"2026-04-19T18:25:38","modified_gmt":"2026-04-19T15:25:38","slug":"gizlilik-ilkesi","status":"publish","type":"page","link":"https:\/\/tralleskop.com\/index.php\/gizlilik-ilkesi\/","title":{"rendered":"Gizlilik \u0130lkesi"},"content":{"rendered":"<h2>Gizlilik Politikas\u0131 ve KVKK Ayd\u0131nlatma Metni<\/h2>\n<p>Tralleskop (&#8220;Site&#8221;) olarak ziyaret\u00e7ilerimizin ki\u015fisel verilerinin korunmas\u0131na ve gizlili\u011fine b\u00fcy\u00fck \u00f6nem veriyoruz. \u0130\u015fbu Gizlilik Politikas\u0131, sitemizi ziyaret etti\u011finizde toplanan verilerin nas\u0131l kullan\u0131ld\u0131\u011f\u0131n\u0131 ve korundu\u011funu a\u00e7\u0131klamaktad\u0131r.<\/p>\n<h3>1. Toplanan Veriler ve \u00c7erezler (Cookies)<\/h3>\n<p>Sitemizde size daha iyi bir deneyim sunabilmek (\u00f6rne\u011fin karanl\u0131k mod tercihinizi hat\u0131rlamak) amac\u0131yla \u00e7erezler kullan\u0131lmaktad\u0131r. \u00c7erezler, taray\u0131c\u0131n\u0131z arac\u0131l\u0131\u011f\u0131yla cihaz\u0131n\u0131za kaydedilen k\u00fc\u00e7\u00fck metin dosyalar\u0131d\u0131r. \u00c7erezleri diledi\u011finiz zaman taray\u0131c\u0131 ayarlar\u0131n\u0131zdan silebilir veya engelleyebilirsiniz.<\/p>\n<h3>2. 6698 Say\u0131l\u0131 KVKK Kapsam\u0131nda Ayd\u0131nlatma<\/h3>\n<p>Sitemiz \u00fczerinden bizimle payla\u015ft\u0131\u011f\u0131n\u0131z veriler (\u00f6rne\u011fin ileti\u015fim formu veya e-b\u00fclten kayd\u0131 arac\u0131l\u0131\u011f\u0131yla) 6698 say\u0131l\u0131 Ki\u015fisel Verilerin Korunmas\u0131 Kanunu (KVKK) uyar\u0131nca korunmaktad\u0131r. Bu veriler yaln\u0131zca size geri d\u00f6n\u00fc\u015f yapmak veya b\u00fclten iletmek amac\u0131yla kullan\u0131l\u0131r, hi\u00e7bir \u015fekilde \u00fc\u00e7\u00fcnc\u00fc \u015fah\u0131s veya kurumlarla ticari ama\u00e7la payla\u015f\u0131lmaz.<\/p>\n<h3>3. \u00dc\u00e7\u00fcnc\u00fc Taraf Ba\u011flant\u0131lar\u0131<\/h3>\n<p>Haber i\u00e7eriklerimizde bazen farkl\u0131 web sitelerine ba\u011flant\u0131lar verebiliriz. Bu d\u0131\u015f ba\u011flant\u0131lar\u0131n gizlilik politikalar\u0131ndan Tralleskop sorumlu tutulamaz.<\/p>\n<h3>4. \u0130leti\u015fim<\/h3>\n<p>Gizlilik politikam\u0131z, ki\u015fisel verilerinizin silinmesi talebi veya \u00e7erez kullan\u0131m\u0131 hakk\u0131nda her t\u00fcrl\u00fc soru ve g\u00f6r\u00fc\u015f\u00fcn\u00fcz i\u00e7in <a href=\"\/iletisim\">\u0130leti\u015fim<\/a> sayfam\u0131z \u00fczerinden veya <strong>editor@tralleskop.com<\/strong> adresinden bize ula\u015fabilirsiniz.<\/p>\n","protected":false},"excerpt":{"rendered":"<p>Gizlilik Politikas\u0131 ve KVKK Ayd\u0131nlatma Metni Tralleskop (&#8220;Site&#8221;) olarak ziyaret\u00e7ilerimizin ki\u015fisel verilerinin korunmas\u0131na ve gizlili\u011fine b\u00fcy\u00fck \u00f6nem veriyoruz. \u0130\u015fbu Gizlilik Politikas\u0131, sitemizi ziyaret etti\u011finizde toplanan verilerin nas\u0131l kullan\u0131ld\u0131\u011f\u0131n\u0131 ve korundu\u011funu a\u00e7\u0131klamaktad\u0131r. 1. Toplanan Veriler ve \u00c7erezler (Cookies) Sitemizde size daha iyi bir deneyim sunabilmek (\u00f6rne\u011fin karanl\u0131k mod tercihinizi hat\u0131rlamak) amac\u0131yla \u00e7erezler kullan\u0131lmaktad\u0131r. \u00c7erezler, taray\u0131c\u0131n\u0131z arac\u0131l\u0131\u011f\u0131yla [&hellip;]<\/p>\n","protected":false},"author":1,"featured_media":0,"parent":0,"menu_order":0,"comment_status":"closed","ping_status":"open","template":"","meta":{"_coblocks_attr":"","_coblocks_dimensions":"","_coblocks_responsive_height":"","_coblocks_accordion_ie_support":"","footnotes":""},"class_list":["post-3","page","type-page","status-publish","hentry"],"yoast_head":"<!-- This site is optimized with the Yoast SEO plugin v27.5 - https:\/\/yoast.com\/product\/yoast-seo-wordpress\/ -->\n<title>Gizlilik \u0130lkesi - Tralleskop<\/title>\n<meta name=\"robots\" content=\"index, follow, max-snippet:-1, max-image-preview:large, max-video-preview:-1\" \/>\n<link rel=\"canonical\" href=\"https:\/\/tralleskop.com\/index.php\/gizlilik-ilkesi\/\" \/>\n<meta property=\"og:locale\" content=\"tr_TR\" \/>\n<meta property=\"og:type\" content=\"article\" \/>\n<meta property=\"og:title\" content=\"Gizlilik \u0130lkesi - Tralleskop\" \/>\n<meta property=\"og:description\" content=\"Gizlilik Politikas\u0131 ve KVKK Ayd\u0131nlatma Metni Tralleskop (&#8220;Site&#8221;) olarak ziyaret\u00e7ilerimizin ki\u015fisel verilerinin korunmas\u0131na ve gizlili\u011fine b\u00fcy\u00fck \u00f6nem veriyoruz. \u0130\u015fbu Gizlilik Politikas\u0131, sitemizi ziyaret etti\u011finizde toplanan verilerin nas\u0131l kullan\u0131ld\u0131\u011f\u0131n\u0131 ve korundu\u011funu a\u00e7\u0131klamaktad\u0131r. 1. Toplanan Veriler ve \u00c7erezler (Cookies) Sitemizde size daha iyi bir deneyim sunabilmek (\u00f6rne\u011fin karanl\u0131k mod tercihinizi hat\u0131rlamak) amac\u0131yla \u00e7erezler kullan\u0131lmaktad\u0131r. \u00c7erezler, taray\u0131c\u0131n\u0131z arac\u0131l\u0131\u011f\u0131yla [&hellip;]\" \/>\n<meta property=\"og:url\" content=\"https:\/\/tralleskop.com\/index.php\/gizlilik-ilkesi\/\" \/>\n<meta property=\"og:site_name\" content=\"Tralleskop\" \/>\n<meta property=\"article:modified_time\" content=\"2026-04-19T15:25:38+00:00\" \/>\n<meta name=\"twitter:card\" content=\"summary_large_image\" \/>\n<meta name=\"twitter:label1\" content=\"Tahmini okuma s\u00fcresi\" \/>\n\t<meta name=\"twitter:data1\" content=\"3 dakika\" \/>\n<script type=\"application\/ld+json\" class=\"yoast-schema-graph\">{\"@context\":\"https:\\\/\\\/schema.org\",\"@graph\":[{\"@type\":\"WebPage\",\"@id\":\"https:\\\/\\\/tralleskop.com\\\/index.php\\\/gizlilik-ilkesi\\\/\",\"url\":\"https:\\\/\\\/tralleskop.com\\\/index.php\\\/gizlilik-ilkesi\\\/\",\"name\":\"Gizlilik \u0130lkesi - Tralleskop\",\"isPartOf\":{\"@id\":\"https:\\\/\\\/tralleskop.com\\\/#website\"},\"datePublished\":\"2026-03-28T20:04:08+00:00\",\"dateModified\":\"2026-04-19T15:25:38+00:00\",\"breadcrumb\":{\"@id\":\"https:\\\/\\\/tralleskop.com\\\/index.php\\\/gizlilik-ilkesi\\\/#breadcrumb\"},\"inLanguage\":\"tr\",\"potentialAction\":[{\"@type\":\"ReadAction\",\"target\":[\"https:\\\/\\\/tralleskop.com\\\/index.php\\\/gizlilik-ilkesi\\\/\"]}]},{\"@type\":\"BreadcrumbList\",\"@id\":\"https:\\\/\\\/tralleskop.com\\\/index.php\\\/gizlilik-ilkesi\\\/#breadcrumb\",\"itemListElement\":[{\"@type\":\"ListItem\",\"position\":1,\"name\":\"Anasayfa\",\"item\":\"https:\\\/\\\/tralleskop.com\\\/\"},{\"@type\":\"ListItem\",\"position\":2,\"name\":\"Gizlilik \u0130lkesi\"}]},{\"@type\":\"WebSite\",\"@id\":\"https:\\\/\\\/tralleskop.com\\\/#website\",\"url\":\"https:\\\/\\\/tralleskop.com\\\/\",\"name\":\"Tralleskop\",\"description\":\"\",\"publisher\":{\"@id\":\"https:\\\/\\\/tralleskop.com\\\/#organization\"},\"potentialAction\":[{\"@type\":\"SearchAction\",\"target\":{\"@type\":\"EntryPoint\",\"urlTemplate\":\"https:\\\/\\\/tralleskop.com\\\/?s={search_term_string}\"},\"query-input\":{\"@type\":\"PropertyValueSpecification\",\"valueRequired\":true,\"valueName\":\"search_term_string\"}}],\"inLanguage\":\"tr\"},{\"@type\":\"Organization\",\"@id\":\"https:\\\/\\\/tralleskop.com\\\/#organization\",\"name\":\"Tralleskop\",\"url\":\"https:\\\/\\\/tralleskop.com\\\/\",\"logo\":{\"@type\":\"ImageObject\",\"inLanguage\":\"tr\",\"@id\":\"https:\\\/\\\/tralleskop.com\\\/#\\\/schema\\\/logo\\\/image\\\/\",\"url\":\"https:\\\/\\\/tralleskop.com\\\/wp-content\\\/uploads\\\/2026\\\/03\\\/logo-1.png\",\"contentUrl\":\"https:\\\/\\\/tralleskop.com\\\/wp-content\\\/uploads\\\/2026\\\/03\\\/logo-1.png\",\"width\":2048,\"height\":2048,\"caption\":\"Tralleskop\"},\"image\":{\"@id\":\"https:\\\/\\\/tralleskop.com\\\/#\\\/schema\\\/logo\\\/image\\\/\"},\"sameAs\":[\"https:\\\/\\\/instagram.com\\\/tralleskop\"]}]}<\/script>\n<!-- \/ Yoast SEO plugin. -->","yoast_head_json":{"title":"Gizlilik \u0130lkesi - Tralleskop","robots":{"index":"index","follow":"follow","max-snippet":"max-snippet:-1","max-image-preview":"max-image-preview:large","max-video-preview":"max-video-preview:-1"},"canonical":"https:\/\/tralleskop.com\/index.php\/gizlilik-ilkesi\/","og_locale":"tr_TR","og_type":"article","og_title":"Gizlilik \u0130lkesi - Tralleskop","og_description":"Gizlilik Politikas\u0131 ve KVKK Ayd\u0131nlatma Metni Tralleskop (&#8220;Site&#8221;) olarak ziyaret\u00e7ilerimizin ki\u015fisel verilerinin korunmas\u0131na ve gizlili\u011fine b\u00fcy\u00fck \u00f6nem veriyoruz. \u0130\u015fbu Gizlilik Politikas\u0131, sitemizi ziyaret etti\u011finizde toplanan verilerin nas\u0131l kullan\u0131ld\u0131\u011f\u0131n\u0131 ve korundu\u011funu a\u00e7\u0131klamaktad\u0131r. 1. Toplanan Veriler ve \u00c7erezler (Cookies) Sitemizde size daha iyi bir deneyim sunabilmek (\u00f6rne\u011fin karanl\u0131k mod tercihinizi hat\u0131rlamak) amac\u0131yla \u00e7erezler kullan\u0131lmaktad\u0131r. \u00c7erezler, taray\u0131c\u0131n\u0131z arac\u0131l\u0131\u011f\u0131yla [&hellip;]","og_url":"https:\/\/tralleskop.com\/index.php\/gizlilik-ilkesi\/","og_site_name":"Tralleskop","article_modified_time":"2026-04-19T15:25:38+00:00","twitter_card":"summary_large_image","twitter_misc":{"Tahmini okuma s\u00fcresi":"3 dakika"},"schema":{"@context":"https:\/\/schema.org","@graph":[{"@type":"WebPage","@id":"https:\/\/tralleskop.com\/index.php\/gizlilik-ilkesi\/","url":"https:\/\/tralleskop.com\/index.php\/gizlilik-ilkesi\/","name":"Gizlilik \u0130lkesi - Tralleskop","isPartOf":{"@id":"https:\/\/tralleskop.com\/#website"},"datePublished":"2026-03-28T20:04:08+00:00","dateModified":"2026-04-19T15:25:38+00:00","breadcrumb":{"@id":"https:\/\/tralleskop.com\/index.php\/gizlilik-ilkesi\/#breadcrumb"},"inLanguage":"tr","potentialAction":[{"@type":"ReadAction","target":["https:\/\/tralleskop.com\/index.php\/gizlilik-ilkesi\/"]}]},{"@type":"BreadcrumbList","@id":"https:\/\/tralleskop.com\/index.php\/gizlilik-ilkesi\/#breadcrumb","itemListElement":[{"@type":"ListItem","position":1,"name":"Anasayfa","item":"https:\/\/tralleskop.com\/"},{"@type":"ListItem","position":2,"name":"Gizlilik \u0130lkesi"}]},{"@type":"WebSite","@id":"https:\/\/tralleskop.com\/#website","url":"https:\/\/tralleskop.com\/","name":"Tralleskop","description":"","publisher":{"@id":"https:\/\/tralleskop.com\/#organization"},"potentialAction":[{"@type":"SearchAction","target":{"@type":"EntryPoint","urlTemplate":"https:\/\/tralleskop.com\/?s={search_term_string}"},"query-input":{"@type":"PropertyValueSpecification","valueRequired":true,"valueName":"search_term_string"}}],"inLanguage":"tr"},{"@type":"Organization","@id":"https:\/\/tralleskop.com\/#organization","name":"Tralleskop","url":"https:\/\/tralleskop.com\/","logo":{"@type":"ImageObject","inLanguage":"tr","@id":"https:\/\/tralleskop.com\/#\/schema\/logo\/image\/","url":"https:\/\/tralleskop.com\/wp-content\/uploads\/2026\/03\/logo-1.png","contentUrl":"https:\/\/tralleskop.com\/wp-content\/uploads\/2026\/03\/logo-1.png","width":2048,"height":2048,"caption":"Tralleskop"},"image":{"@id":"https:\/\/tralleskop.com\/#\/schema\/logo\/image\/"},"sameAs":["https:\/\/instagram.com\/tralleskop"]}]}},"_links":{"self":[{"href":"https:\/\/tralleskop.com\/index.php\/wp-json\/wp\/v2\/pages\/3","targetHints":{"allow":["GET"]}}],"collection":[{"href":"https:\/\/tralleskop.com\/index.php\/wp-json\/wp\/v2\/pages"}],"about":[{"href":"https:\/\/tralleskop.com\/index.php\/wp-json\/wp\/v2\/types\/page"}],"author":[{"embeddable":true,"href":"https:\/\/tralleskop.com\/index.php\/wp-json\/wp\/v2\/users\/1"}],"replies":[{"embeddable":true,"href":"https:\/\/tralleskop.com\/index.php\/wp-json\/wp\/v2\/comments?post=3"}],"version-history":[{"count":3,"href":"https:\/\/tralleskop.com\/index.php\/wp-json\/wp\/v2\/pages\/3\/revisions"}],"predecessor-version":[{"id":286,"href":"https:\/\/tralleskop.com\/index.php\/wp-json\/wp\/v2\/pages\/3\/revisions\/286"}],"wp:attachment":[{"href":"https:\/\/tralleskop.com\/index.php\/wp-json\/wp\/v2\/media?parent=3"}],"curies":[{"name":"wp","href":"https:\/\/api.w.org\/{rel}","templated":true}]}}