{"id":195,"date":"2026-04-19T15:32:32","date_gmt":"2026-04-19T12:32:32","guid":{"rendered":"http:\/\/localhost\/wordpress\/?page_id=195"},"modified":"2026-04-19T15:32:34","modified_gmt":"2026-04-19T12:32:34","slug":"kunye","status":"publish","type":"page","link":"https:\/\/tralleskop.com\/index.php\/kunye\/","title":{"rendered":"K\u00fcnye"},"content":{"rendered":"\n<p>TRALLESKoP &#8211; YAYIN K\u00dcNYES\u0130<\/p>\n\n\n\n<p>Yay\u0131n T\u00fcr\u00fc: \u0130nternet Haber Sitesi<br>Yay\u0131n Ad\u0131: Tralleskop<br>Yay\u0131n Sahibi: Tralleskop Medya A.\u015e.<br>Genel Yay\u0131n Y\u00f6netmeni: [Ad Soyad]<br>Sorumlu M\u00fcd\u00fcr: [Ad Soyad]<br>Yaz\u0131 \u0130\u015fleri M\u00fcd\u00fcr\u00fc: [Ad Soyad]<\/p>\n\n\n\n<p>Adres: [Adres Bilgisi]<br>E-posta: editor@tralleskop.com<br>Telefon: +90 [Telefon No]<\/p>\n\n\n\n<p>BDDK No: [Medya Kurulu\u015f No]<br>Yay\u0131n Dili: T\u00fcrk\u00e7e<br>Kurulu\u015f Y\u0131l\u0131: 2024<\/p>\n","protected":false},"excerpt":{"rendered":"<p>TRALLESKoP &#8211; YAYIN K\u00dcNYES\u0130 Yay\u0131n T\u00fcr\u00fc: \u0130nternet Haber SitesiYay\u0131n Ad\u0131: TralleskopYay\u0131n Sahibi: Tralleskop Medya A.\u015e.Genel Yay\u0131n Y\u00f6netmeni: [Ad Soyad]Sorumlu M\u00fcd\u00fcr: [Ad Soyad]Yaz\u0131 \u0130\u015fleri M\u00fcd\u00fcr\u00fc: [Ad Soyad] Adres: [Adres Bilgisi]E-posta: editor@tralleskop.comTelefon: +90 [Telefon No] BDDK No: [Medya Kurulu\u015f No]Yay\u0131n Dili: T\u00fcrk\u00e7eKurulu\u015f Y\u0131l\u0131: 2024<\/p>\n","protected":false},"author":1,"featured_media":0,"parent":0,"menu_order":0,"comment_status":"closed","ping_status":"closed","template":"","meta":{"_coblocks_attr":"","_coblocks_dimensions":"","_coblocks_responsive_height":"","_coblocks_accordion_ie_support":"","footnotes":""},"class_list":["post-195","page","type-page","status-publish","hentry"],"yoast_head":"<!-- This site is optimized with the Yoast SEO plugin v27.5 - https:\/\/yoast.com\/product\/yoast-seo-wordpress\/ -->\n<title>K\u00fcnye - Tralleskop<\/title>\n<meta name=\"robots\" content=\"index, follow, max-snippet:-1, max-image-preview:large, max-video-preview:-1\" \/>\n<link rel=\"canonical\" href=\"https:\/\/tralleskop.com\/index.php\/kunye\/\" \/>\n<meta property=\"og:locale\" content=\"tr_TR\" \/>\n<meta property=\"og:type\" content=\"article\" \/>\n<meta property=\"og:title\" content=\"K\u00fcnye - Tralleskop\" \/>\n<meta property=\"og:description\" content=\"TRALLESKoP &#8211; YAYIN K\u00dcNYES\u0130 Yay\u0131n T\u00fcr\u00fc: \u0130nternet Haber SitesiYay\u0131n Ad\u0131: TralleskopYay\u0131n Sahibi: Tralleskop Medya A.\u015e.Genel Yay\u0131n Y\u00f6netmeni: [Ad Soyad]Sorumlu M\u00fcd\u00fcr: [Ad Soyad]Yaz\u0131 \u0130\u015fleri M\u00fcd\u00fcr\u00fc: [Ad Soyad] Adres: [Adres Bilgisi]E-posta: editor@tralleskop.comTelefon: +90 [Telefon No] BDDK No: [Medya Kurulu\u015f No]Yay\u0131n Dili: T\u00fcrk\u00e7eKurulu\u015f Y\u0131l\u0131: 2024\" \/>\n<meta property=\"og:url\" content=\"https:\/\/tralleskop.com\/index.php\/kunye\/\" \/>\n<meta property=\"og:site_name\" content=\"Tralleskop\" \/>\n<meta property=\"article:modified_time\" content=\"2026-04-19T12:32:34+00:00\" \/>\n<meta name=\"twitter:card\" content=\"summary_large_image\" \/>\n<meta name=\"twitter:label1\" content=\"Tahmini okuma s\u00fcresi\" \/>\n\t<meta name=\"twitter:data1\" content=\"1 dakika\" \/>\n<script type=\"application\/ld+json\" class=\"yoast-schema-graph\">{\"@context\":\"https:\\\/\\\/schema.org\",\"@graph\":[{\"@type\":\"WebPage\",\"@id\":\"https:\\\/\\\/tralleskop.com\\\/index.php\\\/kunye\\\/\",\"url\":\"https:\\\/\\\/tralleskop.com\\\/index.php\\\/kunye\\\/\",\"name\":\"K\u00fcnye - Tralleskop\",\"isPartOf\":{\"@id\":\"https:\\\/\\\/tralleskop.com\\\/#website\"},\"datePublished\":\"2026-04-19T12:32:32+00:00\",\"dateModified\":\"2026-04-19T12:32:34+00:00\",\"breadcrumb\":{\"@id\":\"https:\\\/\\\/tralleskop.com\\\/index.php\\\/kunye\\\/#breadcrumb\"},\"inLanguage\":\"tr\",\"potentialAction\":[{\"@type\":\"ReadAction\",\"target\":[\"https:\\\/\\\/tralleskop.com\\\/index.php\\\/kunye\\\/\"]}]},{\"@type\":\"BreadcrumbList\",\"@id\":\"https:\\\/\\\/tralleskop.com\\\/index.php\\\/kunye\\\/#breadcrumb\",\"itemListElement\":[{\"@type\":\"ListItem\",\"position\":1,\"name\":\"Anasayfa\",\"item\":\"https:\\\/\\\/tralleskop.com\\\/\"},{\"@type\":\"ListItem\",\"position\":2,\"name\":\"K\u00fcnye\"}]},{\"@type\":\"WebSite\",\"@id\":\"https:\\\/\\\/tralleskop.com\\\/#website\",\"url\":\"https:\\\/\\\/tralleskop.com\\\/\",\"name\":\"Tralleskop\",\"description\":\"\",\"publisher\":{\"@id\":\"https:\\\/\\\/tralleskop.com\\\/#organization\"},\"potentialAction\":[{\"@type\":\"SearchAction\",\"target\":{\"@type\":\"EntryPoint\",\"urlTemplate\":\"https:\\\/\\\/tralleskop.com\\\/?s={search_term_string}\"},\"query-input\":{\"@type\":\"PropertyValueSpecification\",\"valueRequired\":true,\"valueName\":\"search_term_string\"}}],\"inLanguage\":\"tr\"},{\"@type\":\"Organization\",\"@id\":\"https:\\\/\\\/tralleskop.com\\\/#organization\",\"name\":\"Tralleskop\",\"url\":\"https:\\\/\\\/tralleskop.com\\\/\",\"logo\":{\"@type\":\"ImageObject\",\"inLanguage\":\"tr\",\"@id\":\"https:\\\/\\\/tralleskop.com\\\/#\\\/schema\\\/logo\\\/image\\\/\",\"url\":\"https:\\\/\\\/tralleskop.com\\\/wp-content\\\/uploads\\\/2026\\\/03\\\/logo-1.png\",\"contentUrl\":\"https:\\\/\\\/tralleskop.com\\\/wp-content\\\/uploads\\\/2026\\\/03\\\/logo-1.png\",\"width\":2048,\"height\":2048,\"caption\":\"Tralleskop\"},\"image\":{\"@id\":\"https:\\\/\\\/tralleskop.com\\\/#\\\/schema\\\/logo\\\/image\\\/\"},\"sameAs\":[\"https:\\\/\\\/instagram.com\\\/tralleskop\"]}]}<\/script>\n<!-- \/ Yoast SEO plugin. -->","yoast_head_json":{"title":"K\u00fcnye - Tralleskop","robots":{"index":"index","follow":"follow","max-snippet":"max-snippet:-1","max-image-preview":"max-image-preview:large","max-video-preview":"max-video-preview:-1"},"canonical":"https:\/\/tralleskop.com\/index.php\/kunye\/","og_locale":"tr_TR","og_type":"article","og_title":"K\u00fcnye - Tralleskop","og_description":"TRALLESKoP &#8211; YAYIN K\u00dcNYES\u0130 Yay\u0131n T\u00fcr\u00fc: \u0130nternet Haber SitesiYay\u0131n Ad\u0131: TralleskopYay\u0131n Sahibi: Tralleskop Medya A.\u015e.Genel Yay\u0131n Y\u00f6netmeni: [Ad Soyad]Sorumlu M\u00fcd\u00fcr: [Ad Soyad]Yaz\u0131 \u0130\u015fleri M\u00fcd\u00fcr\u00fc: [Ad Soyad] Adres: [Adres Bilgisi]E-posta: editor@tralleskop.comTelefon: +90 [Telefon No] BDDK No: [Medya Kurulu\u015f No]Yay\u0131n Dili: T\u00fcrk\u00e7eKurulu\u015f Y\u0131l\u0131: 2024","og_url":"https:\/\/tralleskop.com\/index.php\/kunye\/","og_site_name":"Tralleskop","article_modified_time":"2026-04-19T12:32:34+00:00","twitter_card":"summary_large_image","twitter_misc":{"Tahmini okuma s\u00fcresi":"1 dakika"},"schema":{"@context":"https:\/\/schema.org","@graph":[{"@type":"WebPage","@id":"https:\/\/tralleskop.com\/index.php\/kunye\/","url":"https:\/\/tralleskop.com\/index.php\/kunye\/","name":"K\u00fcnye - Tralleskop","isPartOf":{"@id":"https:\/\/tralleskop.com\/#website"},"datePublished":"2026-04-19T12:32:32+00:00","dateModified":"2026-04-19T12:32:34+00:00","breadcrumb":{"@id":"https:\/\/tralleskop.com\/index.php\/kunye\/#breadcrumb"},"inLanguage":"tr","potentialAction":[{"@type":"ReadAction","target":["https:\/\/tralleskop.com\/index.php\/kunye\/"]}]},{"@type":"BreadcrumbList","@id":"https:\/\/tralleskop.com\/index.php\/kunye\/#breadcrumb","itemListElement":[{"@type":"ListItem","position":1,"name":"Anasayfa","item":"https:\/\/tralleskop.com\/"},{"@type":"ListItem","position":2,"name":"K\u00fcnye"}]},{"@type":"WebSite","@id":"https:\/\/tralleskop.com\/#website","url":"https:\/\/tralleskop.com\/","name":"Tralleskop","description":"","publisher":{"@id":"https:\/\/tralleskop.com\/#organization"},"potentialAction":[{"@type":"SearchAction","target":{"@type":"EntryPoint","urlTemplate":"https:\/\/tralleskop.com\/?s={search_term_string}"},"query-input":{"@type":"PropertyValueSpecification","valueRequired":true,"valueName":"search_term_string"}}],"inLanguage":"tr"},{"@type":"Organization","@id":"https:\/\/tralleskop.com\/#organization","name":"Tralleskop","url":"https:\/\/tralleskop.com\/","logo":{"@type":"ImageObject","inLanguage":"tr","@id":"https:\/\/tralleskop.com\/#\/schema\/logo\/image\/","url":"https:\/\/tralleskop.com\/wp-content\/uploads\/2026\/03\/logo-1.png","contentUrl":"https:\/\/tralleskop.com\/wp-content\/uploads\/2026\/03\/logo-1.png","width":2048,"height":2048,"caption":"Tralleskop"},"image":{"@id":"https:\/\/tralleskop.com\/#\/schema\/logo\/image\/"},"sameAs":["https:\/\/instagram.com\/tralleskop"]}]}},"_links":{"self":[{"href":"https:\/\/tralleskop.com\/index.php\/wp-json\/wp\/v2\/pages\/195","targetHints":{"allow":["GET"]}}],"collection":[{"href":"https:\/\/tralleskop.com\/index.php\/wp-json\/wp\/v2\/pages"}],"about":[{"href":"https:\/\/tralleskop.com\/index.php\/wp-json\/wp\/v2\/types\/page"}],"author":[{"embeddable":true,"href":"https:\/\/tralleskop.com\/index.php\/wp-json\/wp\/v2\/users\/1"}],"replies":[{"embeddable":true,"href":"https:\/\/tralleskop.com\/index.php\/wp-json\/wp\/v2\/comments?post=195"}],"version-history":[{"count":1,"href":"https:\/\/tralleskop.com\/index.php\/wp-json\/wp\/v2\/pages\/195\/revisions"}],"predecessor-version":[{"id":196,"href":"https:\/\/tralleskop.com\/index.php\/wp-json\/wp\/v2\/pages\/195\/revisions\/196"}],"wp:attachment":[{"href":"https:\/\/tralleskop.com\/index.php\/wp-json\/wp\/v2\/media?parent=195"}],"curies":[{"name":"wp","href":"https:\/\/api.w.org\/{rel}","templated":true}]}}