{"id":193,"date":"2026-04-19T15:31:57","date_gmt":"2026-04-19T12:31:57","guid":{"rendered":"http:\/\/localhost\/wordpress\/?page_id=193"},"modified":"2026-04-19T15:32:00","modified_gmt":"2026-04-19T12:32:00","slug":"hakkimizda","status":"publish","type":"page","link":"https:\/\/tralleskop.com\/index.php\/hakkimizda\/","title":{"rendered":"Hakk\u0131m\u0131zda"},"content":{"rendered":"\n<p>Tralleskop, T\u00fcrkiye&#8217;nin \u00f6nde gelen ba\u011f\u0131ms\u0131z dijital haber portallar\u0131ndan biridir. Do\u011fru, tarafs\u0131z ve h\u0131zl\u0131 habercilik ilkesiyle yola \u00e7\u0131kan Tralleskop, okuyucular\u0131na g\u00fcvenilir ve kaliteli habercilik sunmay\u0131 temel g\u00f6rev olarak benimsemi\u015ftir.<\/p>\n\n\n\n<p>Misyonumuz, toplumun bilgilenme hakk\u0131n\u0131 en \u00fcst d\u00fczeyde g\u00f6zetmek; siyasi, ekonomik ve sosyal geli\u015fmeleri ba\u011f\u0131ms\u0131z bir bak\u0131\u015f a\u00e7\u0131s\u0131yla okuyucular\u0131m\u0131za aktarmakt\u0131r.<\/p>\n\n\n\n<p>Vizyonumuz, T\u00fcrkiye&#8217;nin en \u00e7ok g\u00fcvenilen dijital haber kayna\u011f\u0131 olmakt\u0131r.<\/p>\n","protected":false},"excerpt":{"rendered":"<p>Tralleskop, T\u00fcrkiye&#8217;nin \u00f6nde gelen ba\u011f\u0131ms\u0131z dijital haber portallar\u0131ndan biridir. Do\u011fru, tarafs\u0131z ve h\u0131zl\u0131 habercilik ilkesiyle yola \u00e7\u0131kan Tralleskop, okuyucular\u0131na g\u00fcvenilir ve kaliteli habercilik sunmay\u0131 temel g\u00f6rev olarak benimsemi\u015ftir. Misyonumuz, toplumun bilgilenme hakk\u0131n\u0131 en \u00fcst d\u00fczeyde g\u00f6zetmek; siyasi, ekonomik ve sosyal geli\u015fmeleri ba\u011f\u0131ms\u0131z bir bak\u0131\u015f a\u00e7\u0131s\u0131yla okuyucular\u0131m\u0131za aktarmakt\u0131r. Vizyonumuz, T\u00fcrkiye&#8217;nin en \u00e7ok g\u00fcvenilen dijital haber kayna\u011f\u0131 [&hellip;]<\/p>\n","protected":false},"author":1,"featured_media":0,"parent":0,"menu_order":0,"comment_status":"closed","ping_status":"closed","template":"","meta":{"_coblocks_attr":"","_coblocks_dimensions":"","_coblocks_responsive_height":"","_coblocks_accordion_ie_support":"","footnotes":""},"class_list":["post-193","page","type-page","status-publish","hentry"],"yoast_head":"<!-- This site is optimized with the Yoast SEO plugin v27.5 - https:\/\/yoast.com\/product\/yoast-seo-wordpress\/ -->\n<title>Hakk\u0131m\u0131zda - Tralleskop<\/title>\n<meta name=\"robots\" content=\"index, follow, max-snippet:-1, max-image-preview:large, max-video-preview:-1\" \/>\n<link rel=\"canonical\" href=\"https:\/\/tralleskop.com\/index.php\/hakkimizda\/\" \/>\n<meta property=\"og:locale\" content=\"tr_TR\" \/>\n<meta property=\"og:type\" content=\"article\" \/>\n<meta property=\"og:title\" content=\"Hakk\u0131m\u0131zda - Tralleskop\" \/>\n<meta property=\"og:description\" content=\"Tralleskop, T\u00fcrkiye&#8217;nin \u00f6nde gelen ba\u011f\u0131ms\u0131z dijital haber portallar\u0131ndan biridir. Do\u011fru, tarafs\u0131z ve h\u0131zl\u0131 habercilik ilkesiyle yola \u00e7\u0131kan Tralleskop, okuyucular\u0131na g\u00fcvenilir ve kaliteli habercilik sunmay\u0131 temel g\u00f6rev olarak benimsemi\u015ftir. Misyonumuz, toplumun bilgilenme hakk\u0131n\u0131 en \u00fcst d\u00fczeyde g\u00f6zetmek; siyasi, ekonomik ve sosyal geli\u015fmeleri ba\u011f\u0131ms\u0131z bir bak\u0131\u015f a\u00e7\u0131s\u0131yla okuyucular\u0131m\u0131za aktarmakt\u0131r. Vizyonumuz, T\u00fcrkiye&#8217;nin en \u00e7ok g\u00fcvenilen dijital haber kayna\u011f\u0131 [&hellip;]\" \/>\n<meta property=\"og:url\" content=\"https:\/\/tralleskop.com\/index.php\/hakkimizda\/\" \/>\n<meta property=\"og:site_name\" content=\"Tralleskop\" \/>\n<meta property=\"article:modified_time\" content=\"2026-04-19T12:32:00+00:00\" \/>\n<meta name=\"twitter:card\" content=\"summary_large_image\" \/>\n<meta name=\"twitter:label1\" content=\"Tahmini okuma s\u00fcresi\" \/>\n\t<meta name=\"twitter:data1\" content=\"1 dakika\" \/>\n<script type=\"application\/ld+json\" class=\"yoast-schema-graph\">{\"@context\":\"https:\\\/\\\/schema.org\",\"@graph\":[{\"@type\":\"WebPage\",\"@id\":\"https:\\\/\\\/tralleskop.com\\\/index.php\\\/hakkimizda\\\/\",\"url\":\"https:\\\/\\\/tralleskop.com\\\/index.php\\\/hakkimizda\\\/\",\"name\":\"Hakk\u0131m\u0131zda - Tralleskop\",\"isPartOf\":{\"@id\":\"https:\\\/\\\/tralleskop.com\\\/#website\"},\"datePublished\":\"2026-04-19T12:31:57+00:00\",\"dateModified\":\"2026-04-19T12:32:00+00:00\",\"breadcrumb\":{\"@id\":\"https:\\\/\\\/tralleskop.com\\\/index.php\\\/hakkimizda\\\/#breadcrumb\"},\"inLanguage\":\"tr\",\"potentialAction\":[{\"@type\":\"ReadAction\",\"target\":[\"https:\\\/\\\/tralleskop.com\\\/index.php\\\/hakkimizda\\\/\"]}]},{\"@type\":\"BreadcrumbList\",\"@id\":\"https:\\\/\\\/tralleskop.com\\\/index.php\\\/hakkimizda\\\/#breadcrumb\",\"itemListElement\":[{\"@type\":\"ListItem\",\"position\":1,\"name\":\"Anasayfa\",\"item\":\"https:\\\/\\\/tralleskop.com\\\/\"},{\"@type\":\"ListItem\",\"position\":2,\"name\":\"Hakk\u0131m\u0131zda\"}]},{\"@type\":\"WebSite\",\"@id\":\"https:\\\/\\\/tralleskop.com\\\/#website\",\"url\":\"https:\\\/\\\/tralleskop.com\\\/\",\"name\":\"Tralleskop\",\"description\":\"\",\"publisher\":{\"@id\":\"https:\\\/\\\/tralleskop.com\\\/#organization\"},\"potentialAction\":[{\"@type\":\"SearchAction\",\"target\":{\"@type\":\"EntryPoint\",\"urlTemplate\":\"https:\\\/\\\/tralleskop.com\\\/?s={search_term_string}\"},\"query-input\":{\"@type\":\"PropertyValueSpecification\",\"valueRequired\":true,\"valueName\":\"search_term_string\"}}],\"inLanguage\":\"tr\"},{\"@type\":\"Organization\",\"@id\":\"https:\\\/\\\/tralleskop.com\\\/#organization\",\"name\":\"Tralleskop\",\"url\":\"https:\\\/\\\/tralleskop.com\\\/\",\"logo\":{\"@type\":\"ImageObject\",\"inLanguage\":\"tr\",\"@id\":\"https:\\\/\\\/tralleskop.com\\\/#\\\/schema\\\/logo\\\/image\\\/\",\"url\":\"https:\\\/\\\/tralleskop.com\\\/wp-content\\\/uploads\\\/2026\\\/03\\\/logo-1.png\",\"contentUrl\":\"https:\\\/\\\/tralleskop.com\\\/wp-content\\\/uploads\\\/2026\\\/03\\\/logo-1.png\",\"width\":2048,\"height\":2048,\"caption\":\"Tralleskop\"},\"image\":{\"@id\":\"https:\\\/\\\/tralleskop.com\\\/#\\\/schema\\\/logo\\\/image\\\/\"},\"sameAs\":[\"https:\\\/\\\/instagram.com\\\/tralleskop\"]}]}<\/script>\n<!-- \/ Yoast SEO plugin. -->","yoast_head_json":{"title":"Hakk\u0131m\u0131zda - Tralleskop","robots":{"index":"index","follow":"follow","max-snippet":"max-snippet:-1","max-image-preview":"max-image-preview:large","max-video-preview":"max-video-preview:-1"},"canonical":"https:\/\/tralleskop.com\/index.php\/hakkimizda\/","og_locale":"tr_TR","og_type":"article","og_title":"Hakk\u0131m\u0131zda - Tralleskop","og_description":"Tralleskop, T\u00fcrkiye&#8217;nin \u00f6nde gelen ba\u011f\u0131ms\u0131z dijital haber portallar\u0131ndan biridir. Do\u011fru, tarafs\u0131z ve h\u0131zl\u0131 habercilik ilkesiyle yola \u00e7\u0131kan Tralleskop, okuyucular\u0131na g\u00fcvenilir ve kaliteli habercilik sunmay\u0131 temel g\u00f6rev olarak benimsemi\u015ftir. Misyonumuz, toplumun bilgilenme hakk\u0131n\u0131 en \u00fcst d\u00fczeyde g\u00f6zetmek; siyasi, ekonomik ve sosyal geli\u015fmeleri ba\u011f\u0131ms\u0131z bir bak\u0131\u015f a\u00e7\u0131s\u0131yla okuyucular\u0131m\u0131za aktarmakt\u0131r. Vizyonumuz, T\u00fcrkiye&#8217;nin en \u00e7ok g\u00fcvenilen dijital haber kayna\u011f\u0131 [&hellip;]","og_url":"https:\/\/tralleskop.com\/index.php\/hakkimizda\/","og_site_name":"Tralleskop","article_modified_time":"2026-04-19T12:32:00+00:00","twitter_card":"summary_large_image","twitter_misc":{"Tahmini okuma s\u00fcresi":"1 dakika"},"schema":{"@context":"https:\/\/schema.org","@graph":[{"@type":"WebPage","@id":"https:\/\/tralleskop.com\/index.php\/hakkimizda\/","url":"https:\/\/tralleskop.com\/index.php\/hakkimizda\/","name":"Hakk\u0131m\u0131zda - Tralleskop","isPartOf":{"@id":"https:\/\/tralleskop.com\/#website"},"datePublished":"2026-04-19T12:31:57+00:00","dateModified":"2026-04-19T12:32:00+00:00","breadcrumb":{"@id":"https:\/\/tralleskop.com\/index.php\/hakkimizda\/#breadcrumb"},"inLanguage":"tr","potentialAction":[{"@type":"ReadAction","target":["https:\/\/tralleskop.com\/index.php\/hakkimizda\/"]}]},{"@type":"BreadcrumbList","@id":"https:\/\/tralleskop.com\/index.php\/hakkimizda\/#breadcrumb","itemListElement":[{"@type":"ListItem","position":1,"name":"Anasayfa","item":"https:\/\/tralleskop.com\/"},{"@type":"ListItem","position":2,"name":"Hakk\u0131m\u0131zda"}]},{"@type":"WebSite","@id":"https:\/\/tralleskop.com\/#website","url":"https:\/\/tralleskop.com\/","name":"Tralleskop","description":"","publisher":{"@id":"https:\/\/tralleskop.com\/#organization"},"potentialAction":[{"@type":"SearchAction","target":{"@type":"EntryPoint","urlTemplate":"https:\/\/tralleskop.com\/?s={search_term_string}"},"query-input":{"@type":"PropertyValueSpecification","valueRequired":true,"valueName":"search_term_string"}}],"inLanguage":"tr"},{"@type":"Organization","@id":"https:\/\/tralleskop.com\/#organization","name":"Tralleskop","url":"https:\/\/tralleskop.com\/","logo":{"@type":"ImageObject","inLanguage":"tr","@id":"https:\/\/tralleskop.com\/#\/schema\/logo\/image\/","url":"https:\/\/tralleskop.com\/wp-content\/uploads\/2026\/03\/logo-1.png","contentUrl":"https:\/\/tralleskop.com\/wp-content\/uploads\/2026\/03\/logo-1.png","width":2048,"height":2048,"caption":"Tralleskop"},"image":{"@id":"https:\/\/tralleskop.com\/#\/schema\/logo\/image\/"},"sameAs":["https:\/\/instagram.com\/tralleskop"]}]}},"_links":{"self":[{"href":"https:\/\/tralleskop.com\/index.php\/wp-json\/wp\/v2\/pages\/193","targetHints":{"allow":["GET"]}}],"collection":[{"href":"https:\/\/tralleskop.com\/index.php\/wp-json\/wp\/v2\/pages"}],"about":[{"href":"https:\/\/tralleskop.com\/index.php\/wp-json\/wp\/v2\/types\/page"}],"author":[{"embeddable":true,"href":"https:\/\/tralleskop.com\/index.php\/wp-json\/wp\/v2\/users\/1"}],"replies":[{"embeddable":true,"href":"https:\/\/tralleskop.com\/index.php\/wp-json\/wp\/v2\/comments?post=193"}],"version-history":[{"count":1,"href":"https:\/\/tralleskop.com\/index.php\/wp-json\/wp\/v2\/pages\/193\/revisions"}],"predecessor-version":[{"id":194,"href":"https:\/\/tralleskop.com\/index.php\/wp-json\/wp\/v2\/pages\/193\/revisions\/194"}],"wp:attachment":[{"href":"https:\/\/tralleskop.com\/index.php\/wp-json\/wp\/v2\/media?parent=193"}],"curies":[{"name":"wp","href":"https:\/\/api.w.org\/{rel}","templated":true}]}}